{"id":22,"date":"2023-07-29T08:58:18","date_gmt":"2023-07-29T08:58:18","guid":{"rendered":"https:\/\/panels.com.ee\/silpac\/?post_type=product&#038;p=22"},"modified":"2023-07-29T09:25:51","modified_gmt":"2023-07-29T09:25:51","slug":"hi-temp-300c-silicone-70ml-high-temperature-silicone","status":"publish","type":"product","link":"https:\/\/www.factorymarket.ee\/silpac\/product\/hi-temp-300c-silicone-70ml-high-temperature-silicone\/","title":{"rendered":"Hi-Temp 300C SILICONE 70ml &#8211; high-temperature silicone"},"content":{"rendered":"<p>Hi-Temp 300C SILICONE 70ml \u2013 silikon wysokotemperaturowy Jednosk\u0142adnikowy, trwale elastyczny, wysokotemperaturowy silikonowy kit uszczelniaj\u0105cy, odporny na temperatur\u0119 do +300\u00b0C. Utwardza si&#8230;<\/p>\n","protected":false},"excerpt":{"rendered":"<div class=\"main-product-top-opis\">\n<p>Hi-Temp 300C SILICONE 70ml &#8211; high-temperature silicone<\/p>\n<p>One-component, permanently elastic, high-temperature silicone sealing putty, resistant to temperatures up to +300\u00b0C.\u00a0It hardens by absorbing moisture from the air.<\/p>\n<p>&nbsp;<\/p>\n<\/div>\n<div class=\"main-product-info\">\n<h3><i class=\"fa fa-info\"><\/i>|\u00a0Product information<\/h3>\n<div class=\"main-product-text\">\n<p><strong>Properties<\/strong><\/p>\n<ul>\n<li>resistant to temperature fluctuations from -60\u00b0C to +300\u00b0C<\/li>\n<li>chemically resistant &#8220;liquid&#8221; gasket, replacing traditional automotive gaskets (rubber, clinker, cork, paper, felt, asbestos, etc.)<\/li>\n<li>resistant to UV radiation, water, salt and the impact of many chemical factors, such as: petrol, acids, fats, oils, fuels, hydraulic fluids, lubricants, exhaust fumes, frost-resistant fluids, cooling fluids, etc.<\/li>\n<li>easy to use regardless of the shape of the surface<\/li>\n<li>adhesive to smooth and porous surfaces, e.g. ceramics, steel, metals and their alloys, glass, varnished wood<\/li>\n<li>permanently elastic in the full temperature range<\/li>\n<li>does not contain solvents<\/li>\n<li>slight shrinkage<\/li>\n<li>does not break<\/li>\n<\/ul>\n<p><strong>Usage<\/strong><\/p>\n<ul>\n<li>sealing joints in construction, transport and industry, with high chemical and thermal resistance from -60\u00b0C to +300\u00b0C<\/li>\n<li>heating technology (boilers, heaters, stoves, cookers, storage tanks, exchangers, exhaust ducts, filters, thermostats)<\/li>\n<li>automotive seals (e.g. water pumps, valve covers, oil pans, timing chain covers, drive axle covers, gearbox, thermostat covers)<\/li>\n<li>sealing elements of solar collectors<\/li>\n<\/ul>\n<p><strong>Color<\/strong><\/p>\n<p>red, black<\/p>\n<\/div>\n<\/div>\n","protected":false},"featured_media":57,"template":"","meta":[],"product_cat":[17],"product_tag":[],"_links":{"self":[{"href":"https:\/\/www.factorymarket.ee\/silpac\/wp-json\/wp\/v3\/product\/22"}],"collection":[{"href":"https:\/\/www.factorymarket.ee\/silpac\/wp-json\/wp\/v3\/product"}],"about":[{"href":"https:\/\/www.factorymarket.ee\/silpac\/wp-json\/wp\/v2\/types\/product"}],"wp:featuredmedia":[{"embeddable":true,"href":"https:\/\/www.factorymarket.ee\/silpac\/wp-json\/wp\/v2\/media\/57"}],"wp:attachment":[{"href":"https:\/\/www.factorymarket.ee\/silpac\/wp-json\/wp\/v2\/media?parent=22"}],"wp:term":[{"taxonomy":"product_cat","embeddable":true,"href":"https:\/\/www.factorymarket.ee\/silpac\/wp-json\/wp\/v2\/product_cat?post=22"},{"taxonomy":"product_tag","embeddable":true,"href":"https:\/\/www.factorymarket.ee\/silpac\/wp-json\/wp\/v2\/product_tag?post=22"}],"curies":[{"name":"wp","href":"https:\/\/api.w.org\/{rel}","templated":true}]}}